{"id":21,"date":"2015-09-14T13:54:56","date_gmt":"2015-09-14T12:54:56","guid":{"rendered":"http:\/\/frigory.fr\/?page_id=21"},"modified":"2017-03-22T15:54:00","modified_gmt":"2017-03-22T14:54:00","slug":"frigoriste-nord-somme","status":"publish","type":"page","link":"https:\/\/www.frigory.fr\/en\/frigoriste-nord-somme\/","title":{"rendered":"Pr\u00e9sentation"},"content":{"rendered":"<p style=\"text-align: left;\"><div class='content-column two_third'><p style=\"text-align: left;\">L\u2019entreprise <strong>Frigory<\/strong> a \u00e9t\u00e9 cr\u00e9\u00e9e en 1947, elle est aujourd\u2019hui \u00e0 <strong>Rouvignies<\/strong> dans le d\u00e9partement du Nord. Elle a construit sa r\u00e9putation sur la qualit\u00e9 des hommes, des produits fabriqu\u00e9s et install\u00e9s et des services.<\/p>\n<p style=\"text-align: left;\">Aujourd\u2019hui, Frigory est un <strong>sp\u00e9cialiste<\/strong> reconnu du <strong>froid industriel et commercial <\/strong>de la <strong>climatisation <\/strong>et du <strong>chauffage toutes \u00e9nergies<\/strong>.<\/p>\n<p style=\"text-align: left;\">Ses clients sont des <strong>entreprises r\u00e9gionales et nationales<\/strong>, des <strong>collectivit\u00e9s<\/strong> et <strong>h\u00f4pitaux<\/strong>, <strong>des banques<\/strong>, <strong>commerces<\/strong> <strong>et cha\u00eenes de commerces les plus vari\u00e9es<\/strong> ainsi que des entreprises industrielles <strong>internationales<\/strong> utilisant les <strong>climatiseurs sp\u00e9cifiques con\u00e7us et fabriqu\u00e9s<\/strong> par la soci\u00e9t\u00e9 FRIGORY.<\/p>\n<p style=\"text-align: left;\">Le savoir-faire des collaborateurs repose sur la <strong>formation permanente<\/strong> et plus de <strong>soixante cinq ans d\u2019exp\u00e9rience<\/strong> \u00e9prouv\u00e9e en milieu <strong>industriel \u00e0 l\u2019origine puis dans tout milieu<\/strong>.<\/p>\n<p style=\"text-align: left;\">Frigory est une f\u00e9d\u00e9ration du savoir-faire fond\u00e9e en volont\u00e9 unique : <strong>Aller au del\u00e0 de vos exigences en terme de technicit\u00e9, \u00e9conomies d&#8217;\u00e9nergies, environnements, d\u00e9lais et comp\u00e9titivit\u00e9.<br \/>\n<\/strong><\/p>\n<p style=\"text-align: left;\">Tout contrat pass\u00e9 avec Frigory est l\u2019inauguration d\u2019un v\u00e9ritable partenariat, gagnant \/ gagnant, client \/ fournisseur.<\/p><\/div><\/p>\n<p>&nbsp;<\/p>\n<div class='content-column one_third last_column'><p>&nbsp;<\/p><\/div><div class='clear_column'><\/div>\n","protected":false},"excerpt":{"rendered":"<p>&nbsp;<\/p>\n","protected":false},"author":1,"featured_media":0,"parent":0,"menu_order":15,"comment_status":"closed","ping_status":"closed","template":"","meta":[],"_links":{"self":[{"href":"https:\/\/www.frigory.fr\/en\/wp-json\/wp\/v2\/pages\/21"}],"collection":[{"href":"https:\/\/www.frigory.fr\/en\/wp-json\/wp\/v2\/pages"}],"about":[{"href":"https:\/\/www.frigory.fr\/en\/wp-json\/wp\/v2\/types\/page"}],"author":[{"embeddable":true,"href":"https:\/\/www.frigory.fr\/en\/wp-json\/wp\/v2\/users\/1"}],"replies":[{"embeddable":true,"href":"https:\/\/www.frigory.fr\/en\/wp-json\/wp\/v2\/comments?post=21"}],"version-history":[{"count":7,"href":"https:\/\/www.frigory.fr\/en\/wp-json\/wp\/v2\/pages\/21\/revisions"}],"predecessor-version":[{"id":239,"href":"https:\/\/www.frigory.fr\/en\/wp-json\/wp\/v2\/pages\/21\/revisions\/239"}],"wp:attachment":[{"href":"https:\/\/www.frigory.fr\/en\/wp-json\/wp\/v2\/media?parent=21"}],"curies":[{"name":"wp","href":"https:\/\/api.w.org\/{rel}","templated":true}]}}