{"id":29,"date":"2015-09-14T13:58:26","date_gmt":"2015-09-14T12:58:26","guid":{"rendered":"http:\/\/frigory.fr\/?page_id=29"},"modified":"2015-11-24T16:58:36","modified_gmt":"2015-11-24T15:58:36","slug":"bureau-detudes","status":"publish","type":"page","link":"https:\/\/www.frigory.fr\/en\/bureau-detudes\/","title":{"rendered":"Bureau d&#8217;\u00e9tudes"},"content":{"rendered":"<p style=\"text-align: left;\"><div class='content-column two_third'><p style=\"text-align: left;\">Pour nos techniciens et ing\u00e9nieurs de haut niveau, chaque projet est un cas particulier qu\u2019ils \u00e9tudient avec attention en liaison avec vos sp\u00e9cialistes et sous la responsabilit\u00e9 d\u2019un ing\u00e9nieur d&#8217;affaires sp\u00e9cialement affect\u00e9 \u00e0 votre service. A la recherche permanente de techniques nouvelles, nous vous proposons d\u2019atteindre l\u2019\u00e9laboration optimale de votre projet en tenant compte :<\/p>\n<ul style=\"text-align: left;\">\n<li>de vos besoins<\/li>\n<li>de notre expertise technique<\/li>\n<li>des crit\u00e8res environnementaux<\/li>\n<li>de la performance \u00e9nerg\u00e9tique souhait\u00e9e<\/li>\n<li>de l&#8217;approche budg\u00e9taire<\/li>\n<li>des r\u00e8gles de l&#8217;art<\/li>\n<li>des r\u00e9glementations diverses (RT, BBC, HQE, PASSIF)<\/li>\n<\/ul>\n<p style=\"text-align: left;\"><\/div><\/p>\n<p style=\"text-align: left;\"><div class='content-column one_third last_column'><p style=\"text-align: left;\"><img decoding=\"async\" loading=\"lazy\" class=\"alignnone wp-image-235 size-full\" src=\"https:\/\/frigory.fr\/wp-content\/uploads\/2015\/09\/bureau-detude.jpg\" alt=\"\" width=\"380\" height=\"285\" srcset=\"https:\/\/www.frigory.fr\/wp-content\/uploads\/2015\/09\/bureau-detude.jpg 380w, https:\/\/www.frigory.fr\/wp-content\/uploads\/2015\/09\/bureau-detude-300x225.jpg 300w\" sizes=\"(max-width: 380px) 100vw, 380px\" \/><\/p>\n<p style=\"text-align: left;\"><img decoding=\"async\" loading=\"lazy\" class=\"alignnone wp-image-132 size-full\" src=\"https:\/\/frigory.fr\/wp-content\/uploads\/2015\/09\/bureau-detude-2.png\" alt=\"bureau detude (2)\" width=\"379\" height=\"284\" srcset=\"https:\/\/www.frigory.fr\/wp-content\/uploads\/2015\/09\/bureau-detude-2.png 379w, https:\/\/www.frigory.fr\/wp-content\/uploads\/2015\/09\/bureau-detude-2-300x225.png 300w\" sizes=\"(max-width: 379px) 100vw, 379px\" \/><\/p>\n<p style=\"text-align: left;\"><\/div><div class='clear_column'><\/div><\/p>\n","protected":false},"excerpt":{"rendered":"","protected":false},"author":1,"featured_media":0,"parent":0,"menu_order":3,"comment_status":"closed","ping_status":"closed","template":"","meta":[],"_links":{"self":[{"href":"https:\/\/www.frigory.fr\/en\/wp-json\/wp\/v2\/pages\/29"}],"collection":[{"href":"https:\/\/www.frigory.fr\/en\/wp-json\/wp\/v2\/pages"}],"about":[{"href":"https:\/\/www.frigory.fr\/en\/wp-json\/wp\/v2\/types\/page"}],"author":[{"embeddable":true,"href":"https:\/\/www.frigory.fr\/en\/wp-json\/wp\/v2\/users\/1"}],"replies":[{"embeddable":true,"href":"https:\/\/www.frigory.fr\/en\/wp-json\/wp\/v2\/comments?post=29"}],"version-history":[{"count":11,"href":"https:\/\/www.frigory.fr\/en\/wp-json\/wp\/v2\/pages\/29\/revisions"}],"predecessor-version":[{"id":340,"href":"https:\/\/www.frigory.fr\/en\/wp-json\/wp\/v2\/pages\/29\/revisions\/340"}],"wp:attachment":[{"href":"https:\/\/www.frigory.fr\/en\/wp-json\/wp\/v2\/media?parent=29"}],"curies":[{"name":"wp","href":"https:\/\/api.w.org\/{rel}","templated":true}]}}