{"id":31,"date":"2015-09-14T13:59:04","date_gmt":"2015-09-14T12:59:04","guid":{"rendered":"http:\/\/frigory.fr\/?page_id=31"},"modified":"2018-06-21T19:40:24","modified_gmt":"2018-06-21T18:40:24","slug":"maintenance-climatisation-chauffage","status":"publish","type":"page","link":"https:\/\/www.frigory.fr\/en\/maintenance-climatisation-chauffage\/","title":{"rendered":"D\u00e9pannage, SAV &#8211; Maintenance"},"content":{"rendered":"<p><div class='content-column two_third'><p style=\"text-align: left;\">Pour FRIGORY, notre mission ne s&#8217;arr\u00eate pas \u00e0 la mise en service. Nous tenons \u00e0 votre disposition une flotte importante de v\u00e9hicules d\u2019interventions rapides et g\u00e9olocalisable instantan\u00e9ment avec \u00e0 leur bord un stock de pi\u00e8ces d\u00e9tach\u00e9es et de fluide frigorig\u00e8ne d\u2019appoint. Nous disposons \u00e9galement d\u2019un magasin de pi\u00e8ces d\u00e9tach\u00e9es de 400 m2. Nos techniciens sont reli\u00e9s par t\u00e9l\u00e9phone portable et tablette avec nos interlocuteurs s\u00e9dentaires charg\u00e9s de r\u00e9soudre vos soucis et planifier les interventions.<\/p>\n<p style=\"text-align: left;\">Syst\u00e9matiquement, un contrat de maintenance pr\u00e9ventive vous sera propos\u00e9, (possibilit\u00e9 24h\/24 &#8211; 365 jours\/an).<\/p>\n<p style=\"text-align: left;\">Vos installations seront entretenus et sous haute surveillance, vous permettant de mieux vous concentrer sur le c\u0153ur de vos activit\u00e9s, quelque soit votre domaine.<\/p>\n<ul>\n<li style=\"text-align: left;\">p\u00e9rennit\u00e9 de vos installations<\/li>\n<li style=\"text-align: left;\">S\u00e9r\u00e9nit\u00e9 de votre confort, de votre process<\/li>\n<li style=\"text-align: left;\">Respect des lois, d\u00e9crets, obligations<\/li>\n<\/ul><\/div><\/p>\n<div class='content-column one_third last_column'><p><img decoding=\"async\" loading=\"lazy\" class=\"alignnone size-full wp-image-349\" src=\"https:\/\/frigory.fr\/wp-content\/uploads\/2015\/09\/maintenance-C.jpg\" alt=\"maintenance-C\" width=\"380\" height=\"285\" srcset=\"https:\/\/www.frigory.fr\/wp-content\/uploads\/2015\/09\/maintenance-C.jpg 380w, https:\/\/www.frigory.fr\/wp-content\/uploads\/2015\/09\/maintenance-C-300x225.jpg 300w\" sizes=\"(max-width: 380px) 100vw, 380px\" \/><\/p>\n<p><img decoding=\"async\" loading=\"lazy\" class=\"alignnone wp-image-366\" src=\"https:\/\/www.frigory.fr\/wp-content\/uploads\/2015\/09\/IMG_8158-e1458223113847-768x1024.jpg\" alt=\"\" width=\"380\" height=\"507\" srcset=\"https:\/\/www.frigory.fr\/wp-content\/uploads\/2015\/09\/IMG_8158-e1458223113847-768x1024.jpg 768w, https:\/\/www.frigory.fr\/wp-content\/uploads\/2015\/09\/IMG_8158-e1458223113847-225x300.jpg 225w\" sizes=\"(max-width: 380px) 100vw, 380px\" \/><\/p><\/div><div class='clear_column'><\/div><\/p>","protected":false},"excerpt":{"rendered":"","protected":false},"author":1,"featured_media":349,"parent":0,"menu_order":10,"comment_status":"closed","ping_status":"closed","template":"","meta":[],"_links":{"self":[{"href":"https:\/\/www.frigory.fr\/en\/wp-json\/wp\/v2\/pages\/31"}],"collection":[{"href":"https:\/\/www.frigory.fr\/en\/wp-json\/wp\/v2\/pages"}],"about":[{"href":"https:\/\/www.frigory.fr\/en\/wp-json\/wp\/v2\/types\/page"}],"author":[{"embeddable":true,"href":"https:\/\/www.frigory.fr\/en\/wp-json\/wp\/v2\/users\/1"}],"replies":[{"embeddable":true,"href":"https:\/\/www.frigory.fr\/en\/wp-json\/wp\/v2\/comments?post=31"}],"version-history":[{"count":17,"href":"https:\/\/www.frigory.fr\/en\/wp-json\/wp\/v2\/pages\/31\/revisions"}],"predecessor-version":[{"id":555,"href":"https:\/\/www.frigory.fr\/en\/wp-json\/wp\/v2\/pages\/31\/revisions\/555"}],"wp:featuredmedia":[{"embeddable":true,"href":"https:\/\/www.frigory.fr\/en\/wp-json\/wp\/v2\/media\/349"}],"wp:attachment":[{"href":"https:\/\/www.frigory.fr\/en\/wp-json\/wp\/v2\/media?parent=31"}],"curies":[{"name":"wp","href":"https:\/\/api.w.org\/{rel}","templated":true}]}}