{"id":46,"date":"2015-09-14T17:05:36","date_gmt":"2015-09-14T16:05:36","guid":{"rendered":"http:\/\/frigory.fr\/?page_id=46"},"modified":"2022-07-08T10:28:50","modified_gmt":"2022-07-08T09:28:50","slug":"mentions-legales","status":"publish","type":"page","link":"https:\/\/www.frigory.fr\/en\/mentions-legales\/","title":{"rendered":"Mentions l\u00e9gales"},"content":{"rendered":"<p><\/p>\n<h3 style=\"text-align: left;\">Propri\u00e9taire du site :<\/h3>\n<p style=\"text-align: left;\">FRIGORY SOC,<br \/>\nRue Edmond Herly<br \/>\n59220 Rouvignies<br \/>\nT\u00e9l : +33 (0)3 27 21 40 40<\/p>\n<p style=\"text-align: left;\">S.A.S. au Capital de 169&nbsp;400 \u20ac<br \/>\nActivit\u00e9 : Installation de machines et \u00e9quipements m\u00e9caniques<br \/>\nCode APE : 3320B<br \/>\nN\u00b0 SIRET : 56880010600029<\/p>\n<h3 style=\"text-align: left;\">Directeur de la publication :<\/h3>\n<p style=\"text-align: left;\">Le webmaster du site<br \/>\nPhotos : Frigory, Shutterstock, Fotolia<\/p>\n<p style=\"text-align: left;\">Toutes les marques commerciales d\u00e9pos\u00e9es ou non d\u00e9pos\u00e9es cit\u00e9es sur ce site sont la propri\u00e9t\u00e9 exclusive de leurs d\u00e9tenteurs respectifs.<\/p>\n<h3 style=\"text-align: left;\">R\u00e9alisation du site :<\/h3>\n<p style=\"text-align: left;\">Carredas Communication<br \/>\n5, rue Baudouin IX \u2013 59650 Villeneuve d\u2019Ascq<br \/>\nT\u00e9l: 03 20 268 268<br \/>\n<a title=\"Carredas\" href=\"http:\/\/www.carredas.fr\/\" target=\"_blank\" rel=\"nofollow noopener noreferrer\">www.carredas.fr<\/a><\/p>\n<h3 style=\"text-align: left;\">Informatique et libert\u00e9:<\/h3>\n<p style=\"text-align: left;\">Nous informons les utilisateurs que les donn\u00e9es \u00e0 caract\u00e8re nominatif recueillies aupr\u00e8s des utilisateurs de ce site par l\u2019interm\u00e9diaire des formulaires sont destin\u00e9es au fonctionnement du site et ne sauraient \u00eatre transmises \u00e0 des tiers.<\/p>\n<p style=\"text-align: left;\">Dans le cadre de la loi informatique et libert\u00e9 du 6 janvier 1978, les utilisateurs de ce site disposent d\u2019un droit d\u2019acc\u00e8s, de modification et de suppression concernant leurs donn\u00e9es personnelles.<\/p>\n<p><\/p>","protected":false},"excerpt":{"rendered":"<p>Propri\u00e9taire du site : FRIGORY SOC, Rue Edmond Herly 59220 Rouvignies T\u00e9l : +33 (0)3 27 21 40 40 S.A.S. au Capital de 169&nbsp;400 \u20ac Activit\u00e9 : Installation de machines et \u00e9quipements m\u00e9caniques Code APE : 3320B N\u00b0 SIRET : 56880010600029 Directeur de la publication : Le webmaster du site Photos : Frigory, Shutterstock, Fotolia [&hellip;]<\/p>\n","protected":false},"author":1,"featured_media":0,"parent":0,"menu_order":13,"comment_status":"closed","ping_status":"closed","template":"","meta":[],"_links":{"self":[{"href":"https:\/\/www.frigory.fr\/en\/wp-json\/wp\/v2\/pages\/46"}],"collection":[{"href":"https:\/\/www.frigory.fr\/en\/wp-json\/wp\/v2\/pages"}],"about":[{"href":"https:\/\/www.frigory.fr\/en\/wp-json\/wp\/v2\/types\/page"}],"author":[{"embeddable":true,"href":"https:\/\/www.frigory.fr\/en\/wp-json\/wp\/v2\/users\/1"}],"replies":[{"embeddable":true,"href":"https:\/\/www.frigory.fr\/en\/wp-json\/wp\/v2\/comments?post=46"}],"version-history":[{"count":8,"href":"https:\/\/www.frigory.fr\/en\/wp-json\/wp\/v2\/pages\/46\/revisions"}],"predecessor-version":[{"id":668,"href":"https:\/\/www.frigory.fr\/en\/wp-json\/wp\/v2\/pages\/46\/revisions\/668"}],"wp:attachment":[{"href":"https:\/\/www.frigory.fr\/en\/wp-json\/wp\/v2\/media?parent=46"}],"curies":[{"name":"wp","href":"https:\/\/api.w.org\/{rel}","templated":true}]}}