{"id":55,"date":"2015-09-15T10:37:31","date_gmt":"2015-09-15T09:37:31","guid":{"rendered":"http:\/\/frigory.fr\/?page_id=55"},"modified":"2021-06-22T15:14:13","modified_gmt":"2021-06-22T14:14:13","slug":"climatisation-ecologique","status":"publish","type":"page","link":"https:\/\/www.frigory.fr\/en\/climatisation-ecologique\/","title":{"rendered":"CLIMATISATION <br\/> \u00c9CO-RESPONSABLE"},"content":{"rendered":"<p><\/p>\n<p style=\"text-align: left;\"><div class='content-column two_third'><p style=\"text-align: left;\">La climatisation a bien \u00e9volu\u00e9 depuis les appareils rudimentaires bruyants, polluants et \u00e9nergivores.<\/p>\n<p style=\"text-align: left;\">Aujourd\u2019hui, notre gamme est \u00e9cologique, silencieuse, qualitative et \u00e9toff\u00e9e.<\/p>\n<p style=\"text-align: left;\">Nous s\u00e9lectionnons pour vous une gamme de climatiseurs \u00ab\u00e9coresponsables\u00bb de label \u00e9nerg\u00e9tique A.<\/p>\n<p style=\"text-align: left;\">Gr\u00e2ce \u00e0 une g\u00e9n\u00e9ralisation du syst\u00e8me Inverter (qui signifie : puissance variable), votre climatiseur ne consomme que selon vos besoins et vous assure une temp\u00e9rature mieux r\u00e9gul\u00e9e, et une consommation optimis\u00e9e.<\/p>\n<p style=\"text-align: left;\">Qu\u2019ils soient muraux, encastr\u00e9s en plafond type cassette ou gainable avec uniquement des diffuseurs visibles, en consoles murales, en plafonniers, armoires ou roof top, nous saurons adapter votre projet en tenant compte de vos crit\u00e8res techniques, environnementaux et financiers.<\/p>\n<h3 style=\"text-align: left;\">Nos domaines d&#8217;application :<\/h3>\n<ul>\n<li style=\"text-align: left;\">Tertiaire et bancaire<\/li>\n<li style=\"text-align: left;\">Commerces de toutes tailles ind\u00e9pendant, GMS, cha\u00eenes nationales et internationales<\/li>\n<li style=\"text-align: left;\">Salles informatiques et data center<\/li>\n<li style=\"text-align: left;\">Collectivit\u00e9s<\/li>\n<li style=\"text-align: left;\">Immeubles divers<\/li>\n<li style=\"text-align: left;\">M\u00e9dical et recherche<\/li>\n<li style=\"text-align: left;\">Professions lib\u00e9rales<\/li>\n<\/ul><\/div><\/p>\n<div class='content-column one_third last_column'><p><img decoding=\"async\" loading=\"lazy\" class=\"alignnone wp-image-78 size-full\" src=\"https:\/\/frigory.fr\/wp-content\/uploads\/2015\/09\/photo_clim.png\" alt=\"photo_clim\" width=\"379\" height=\"330\" srcset=\"https:\/\/www.frigory.fr\/wp-content\/uploads\/2015\/09\/photo_clim.png 379w, https:\/\/www.frigory.fr\/wp-content\/uploads\/2015\/09\/photo_clim-300x261.png 300w\" sizes=\"(max-width: 379px) 100vw, 379px\" \/><\/p>\n<p><img decoding=\"async\" loading=\"lazy\" class=\"alignnone wp-image-346 size-full\" src=\"https:\/\/frigory.fr\/wp-content\/uploads\/2015\/09\/climatisation-eco-responsable-B.jpg\" alt=\"climatisation-eco-responsable-B\" width=\"380\" height=\"285\" srcset=\"https:\/\/www.frigory.fr\/wp-content\/uploads\/2015\/09\/climatisation-eco-responsable-B.jpg 380w, https:\/\/www.frigory.fr\/wp-content\/uploads\/2015\/09\/climatisation-eco-responsable-B-300x225.jpg 300w\" sizes=\"(max-width: 380px) 100vw, 380px\" \/><\/p>\n<p>&nbsp;<\/p><\/div><div class='clear_column'><\/div><\/p>","protected":false},"excerpt":{"rendered":"","protected":false},"author":1,"featured_media":577,"parent":0,"menu_order":1,"comment_status":"closed","ping_status":"closed","template":"template_produits.php","meta":[],"_links":{"self":[{"href":"https:\/\/www.frigory.fr\/en\/wp-json\/wp\/v2\/pages\/55"}],"collection":[{"href":"https:\/\/www.frigory.fr\/en\/wp-json\/wp\/v2\/pages"}],"about":[{"href":"https:\/\/www.frigory.fr\/en\/wp-json\/wp\/v2\/types\/page"}],"author":[{"embeddable":true,"href":"https:\/\/www.frigory.fr\/en\/wp-json\/wp\/v2\/users\/1"}],"replies":[{"embeddable":true,"href":"https:\/\/www.frigory.fr\/en\/wp-json\/wp\/v2\/comments?post=55"}],"version-history":[{"count":21,"href":"https:\/\/www.frigory.fr\/en\/wp-json\/wp\/v2\/pages\/55\/revisions"}],"predecessor-version":[{"id":660,"href":"https:\/\/www.frigory.fr\/en\/wp-json\/wp\/v2\/pages\/55\/revisions\/660"}],"wp:featuredmedia":[{"embeddable":true,"href":"https:\/\/www.frigory.fr\/en\/wp-json\/wp\/v2\/media\/577"}],"wp:attachment":[{"href":"https:\/\/www.frigory.fr\/en\/wp-json\/wp\/v2\/media?parent=55"}],"curies":[{"name":"wp","href":"https:\/\/api.w.org\/{rel}","templated":true}]}}