{"id":57,"date":"2015-09-15T10:37:45","date_gmt":"2015-09-15T09:37:45","guid":{"rendered":"http:\/\/frigory.fr\/?page_id=57"},"modified":"2021-06-22T15:41:29","modified_gmt":"2021-06-22T14:41:29","slug":"chauffage-gaz-industriel","status":"publish","type":"page","link":"https:\/\/www.frigory.fr\/en\/chauffage-gaz-industriel\/","title":{"rendered":"CHAUFFAGE GAZ <br\/> HAUT RENDEMENT"},"content":{"rendered":"<p><div class='content-column two_third'><p style=\"text-align: left;\">Le chauffage traditionnel des b\u00e2timents a bien \u00e9volu\u00e9 depuis les normes de r\u00e9glementation thermique (RT).<\/p>\n<p style=\"text-align: left;\">Aujourd\u2019hui notre gamme de chaudi\u00e8re basse consommation \u00e0 condensation permet de r\u00e9pondre \u00e0 ces changements et obtenir des rendements pouvant aller jusqu\u2019\u00e0 110 %. Que ce soit par l\u2019installation de planchers chauffants, de radiateurs, d\u2019a\u00e9rotherme eau ou gaz, nous saurons adopter votre projet en tenant compte des vos crit\u00e8res techniques, environnementaux et financiers.<\/p>\n<h3 style=\"text-align: left;\">Nos domaines d&#8217;application :<\/h3>\n<ul>\n<li style=\"text-align: left;\">Commerces de toute taille<\/li>\n<li style=\"text-align: left;\">Tertiaire et bancaire<\/li>\n<li style=\"text-align: left;\">Immeubles divers<\/li>\n<li style=\"text-align: left;\">Collectivit\u00e9s<\/li>\n<li style=\"text-align: left;\">Entrep\u00f4ts<\/li>\n<\/ul><\/div><\/p>\n<div class='content-column one_third last_column'><p><img decoding=\"async\" loading=\"lazy\" class=\"alignnone wp-image-99 size-full\" src=\"https:\/\/frigory.fr\/wp-content\/uploads\/2015\/09\/chauffage-gaz-haut-rendement.png\" alt=\"chauffage-gaz-haut-rendement\" width=\"379\" height=\"330\"><\/p>\n<p><img decoding=\"async\" loading=\"lazy\" class=\"alignnone wp-image-344 size-full\" src=\"https:\/\/frigory.fr\/wp-content\/uploads\/2015\/09\/chauffage-gaz-E.jpg\" alt=\"chauffage-gaz-E\" width=\"380\" height=\"285\" srcset=\"https:\/\/www.frigory.fr\/wp-content\/uploads\/2015\/09\/chauffage-gaz-E.jpg 380w, https:\/\/www.frigory.fr\/wp-content\/uploads\/2015\/09\/chauffage-gaz-E-300x225.jpg 300w\" sizes=\"(max-width: 380px) 100vw, 380px\" \/><\/p><\/div><div class='clear_column'><\/div><\/p>","protected":false},"excerpt":{"rendered":"","protected":false},"author":1,"featured_media":578,"parent":0,"menu_order":5,"comment_status":"closed","ping_status":"closed","template":"template_produits.php","meta":[],"_links":{"self":[{"href":"https:\/\/www.frigory.fr\/en\/wp-json\/wp\/v2\/pages\/57"}],"collection":[{"href":"https:\/\/www.frigory.fr\/en\/wp-json\/wp\/v2\/pages"}],"about":[{"href":"https:\/\/www.frigory.fr\/en\/wp-json\/wp\/v2\/types\/page"}],"author":[{"embeddable":true,"href":"https:\/\/www.frigory.fr\/en\/wp-json\/wp\/v2\/users\/1"}],"replies":[{"embeddable":true,"href":"https:\/\/www.frigory.fr\/en\/wp-json\/wp\/v2\/comments?post=57"}],"version-history":[{"count":12,"href":"https:\/\/www.frigory.fr\/en\/wp-json\/wp\/v2\/pages\/57\/revisions"}],"predecessor-version":[{"id":664,"href":"https:\/\/www.frigory.fr\/en\/wp-json\/wp\/v2\/pages\/57\/revisions\/664"}],"wp:featuredmedia":[{"embeddable":true,"href":"https:\/\/www.frigory.fr\/en\/wp-json\/wp\/v2\/media\/578"}],"wp:attachment":[{"href":"https:\/\/www.frigory.fr\/en\/wp-json\/wp\/v2\/media?parent=57"}],"curies":[{"name":"wp","href":"https:\/\/api.w.org\/{rel}","templated":true}]}}