{"id":59,"date":"2015-09-15T10:37:57","date_gmt":"2015-09-15T09:37:57","guid":{"rendered":"http:\/\/frigory.fr\/?page_id=59"},"modified":"2018-11-05T08:36:35","modified_gmt":"2018-11-05T07:36:35","slug":"pompe-a-chaleur-ecologique-industrielle","status":"publish","type":"page","link":"https:\/\/www.frigory.fr\/en\/pompe-a-chaleur-ecologique-industrielle\/","title":{"rendered":"POMPE \u00c0 CHALEUR HAUTE PERFORMANCE Air \/ Eau &#8211; Air \/ Air"},"content":{"rendered":"<p><\/p>\n<p style=\"text-align: left;\"><div class='content-column two_third'><p style=\"text-align: left;\">Les pompes \u00e0 chaleur ont bien \u00e9volu\u00e9 depuis les appareils rudimentaires, bruyants, polluants et incapables de chauffer en dessous de z\u00e9ro degr\u00e9s.<\/p>\n<p style=\"text-align: left;\">Aujourd\u2019hui notre gamme est \u00e9cologique, silencieuse, qualitative et \u00e9toff\u00e9e.<\/p>\n<p style=\"text-align: left;\">Nous s\u00e9lectionnons pour vous des pompes \u00e0 chaleur \u00abhaute performance\u00bb de label \u00e9nerg\u00e9tique A, fonctionnant avec <span class=\"st\">du fluide frigorig\u00e8ne dit &#8220;vert&#8221;<\/span>.<\/p>\n<p style=\"text-align: left;\">Gr\u00e2ce \u00e0 une g\u00e9n\u00e9ralisation du syst\u00e8me inverter (qui signifie : puissance variable), votre installation ne consomme que selon vos besoins et vous assure une temp\u00e9rature mieux r\u00e9gul\u00e9e.<\/p>\n<ul style=\"text-align: left;\">\n<li>Une P.A.C AIR \/ EAU fonctionne jusque -15\u00b0C ext\u00e9rieur sans r\u00e9sistance \u00e9lectrique<\/li>\n<li>Une P.A.C AIR \/ AIR fonctionne jusque -20\u00b0C ext\u00e9rieur sans r\u00e9sistance \u00e9lectrique<\/li>\n<\/ul>\n<p>Certains mod\u00e8les fonctionnent en chauffage permanent et permettent de ne plus subir les tr\u00e8s g\u00eanantes p\u00e9riodes de d\u00e9givrages l&#8217;hiver ou le chauffage se coupe de longues minutes procurant un inconfort permanent.<\/p>\n<p>Qu&#8217;elles soient reli\u00e9es \u00e0 un plancher chauffant, des radiateurs, des cassettes ou des gainables encastr\u00e9s en plafond, des muraux ou des consoles au sol, nous saurons adapter votre projet en tenant compte de vos crit\u00e8res techniques, financiers et environnementaux. Tous les syst\u00e8mes peuvent \u00eatre reli\u00e9s \u00e0 une GTC d\u2019optimisation des consommations.<\/p>\n<h3 style=\"text-align: left;\">Nos clients :<\/h3>\n<ul style=\"text-align: left;\">\n<li>Professions lib\u00e9rales<\/li>\n<li>Commerces de toutes tailles, ind\u00e9pendant, GMS, cha\u00eenes nationales et internationales<\/li>\n<li>Tertiaire et bancaire<\/li>\n<li>Immeubles divers<\/li>\n<li>Collectivit\u00e9s<\/li>\n<li>M\u00e9dical et recherche<\/li>\n<li>Professions lib\u00e9rales<\/li>\n<\/ul><\/div><\/p>\n<div class='content-column one_third last_column'><p><img decoding=\"async\" loading=\"lazy\" class=\"alignnone size-full wp-image-352\" src=\"https:\/\/frigory.fr\/wp-content\/uploads\/2015\/09\/pompes-a-chaleur-A.jpg\" alt=\"pompes-a-chaleur-A\" width=\"380\" height=\"285\" srcset=\"https:\/\/www.frigory.fr\/wp-content\/uploads\/2015\/09\/pompes-a-chaleur-A.jpg 380w, https:\/\/www.frigory.fr\/wp-content\/uploads\/2015\/09\/pompes-a-chaleur-A-300x225.jpg 300w\" sizes=\"(max-width: 380px) 100vw, 380px\" \/><\/p>\n<p><img decoding=\"async\" loading=\"lazy\" class=\"alignnone wp-image-341 size-full\" src=\"https:\/\/frigory.fr\/wp-content\/uploads\/2015\/09\/pompes-a-chaleur-air-air.jpg\" alt=\"\" width=\"380\" height=\"285\" srcset=\"https:\/\/www.frigory.fr\/wp-content\/uploads\/2015\/09\/pompes-a-chaleur-air-air.jpg 380w, https:\/\/www.frigory.fr\/wp-content\/uploads\/2015\/09\/pompes-a-chaleur-air-air-300x225.jpg 300w\" sizes=\"(max-width: 380px) 100vw, 380px\" \/><\/p><\/div><div class='clear_column'><\/div><\/p>","protected":false},"excerpt":{"rendered":"","protected":false},"author":1,"featured_media":584,"parent":0,"menu_order":14,"comment_status":"closed","ping_status":"closed","template":"template_produits.php","meta":[],"_links":{"self":[{"href":"https:\/\/www.frigory.fr\/en\/wp-json\/wp\/v2\/pages\/59"}],"collection":[{"href":"https:\/\/www.frigory.fr\/en\/wp-json\/wp\/v2\/pages"}],"about":[{"href":"https:\/\/www.frigory.fr\/en\/wp-json\/wp\/v2\/types\/page"}],"author":[{"embeddable":true,"href":"https:\/\/www.frigory.fr\/en\/wp-json\/wp\/v2\/users\/1"}],"replies":[{"embeddable":true,"href":"https:\/\/www.frigory.fr\/en\/wp-json\/wp\/v2\/comments?post=59"}],"version-history":[{"count":24,"href":"https:\/\/www.frigory.fr\/en\/wp-json\/wp\/v2\/pages\/59\/revisions"}],"predecessor-version":[{"id":586,"href":"https:\/\/www.frigory.fr\/en\/wp-json\/wp\/v2\/pages\/59\/revisions\/586"}],"wp:featuredmedia":[{"embeddable":true,"href":"https:\/\/www.frigory.fr\/en\/wp-json\/wp\/v2\/media\/584"}],"wp:attachment":[{"href":"https:\/\/www.frigory.fr\/en\/wp-json\/wp\/v2\/media?parent=59"}],"curies":[{"name":"wp","href":"https:\/\/api.w.org\/{rel}","templated":true}]}}