{"id":61,"date":"2015-09-15T10:38:09","date_gmt":"2015-09-15T09:38:09","guid":{"rendered":"http:\/\/frigory.fr\/?page_id=61"},"modified":"2018-11-05T08:51:23","modified_gmt":"2018-11-05T07:51:23","slug":"traitement-de-air-industriel","status":"publish","type":"page","link":"https:\/\/www.frigory.fr\/en\/traitement-de-air-industriel\/","title":{"rendered":"TRAITEMENT DE L&#8217;AIR avec ou sans R\u00c9CUP\u00c9RATION D&#8217;\u00c9NERGIE"},"content":{"rendered":"<p><\/p>\n<p style=\"text-align: left;\"><div class='content-column two_third'><p style=\"text-align: left;\">Le renouvellement d&#8217;air et la r\u00e9cup\u00e9ration d&#8217;\u00e9nergie sont devenus incontournables dans la conception des nouveaux b\u00e2timents (RT, BBC, HQE, passifs, &#8230;).<\/p>\n<p>Ces centrales d&#8217;air nouvelles g\u00e9n\u00e9rations permettent de r\u00e9cup\u00e9rer l&#8217;\u00e9nergie en s&#8217;approchant de 100%. La consommation \u00e9lectrique des ventilateurs a \u00e9t\u00e9 optimis\u00e9e en &#8220;basse consommation&#8221;.<\/p>\n<p>En compl\u00e9ment, une pompe \u00e0 chaleur associ\u00e9e \u00e0 une batterie \u00e0 d\u00e9tente directe peut \u00eatre pr\u00e9vue \u00e0 la place des batteries \u00e9lectriques en eau chaude. Le renouvellement d&#8217;air hygi\u00e9nique est d\u00e9sormais une tr\u00e8s faible partie de la consommation des b\u00e2timents.<\/p>\n<h3 style=\"text-align: left;\">Nos domaines d&#8217;application :<\/h3>\n<ul style=\"text-align: left;\">\n<li>Bureaux<\/li>\n<li>Immeubles<\/li>\n<li>Commerces<\/li>\n<\/ul>\n<p style=\"text-align: left;\"><\/div><\/p>\n<p style=\"text-align: left;\"><div class='content-column one_third last_column'><p style=\"text-align: left;\"><img decoding=\"async\" loading=\"lazy\" class=\"alignnone wp-image-176 size-full\" src=\"https:\/\/frigory.fr\/wp-content\/uploads\/2015\/09\/traitement-de-lair.png\" alt=\"traitement-de-l'air\" width=\"379\" height=\"330\" srcset=\"https:\/\/www.frigory.fr\/wp-content\/uploads\/2015\/09\/traitement-de-lair.png 379w, https:\/\/www.frigory.fr\/wp-content\/uploads\/2015\/09\/traitement-de-lair-300x261.png 300w\" sizes=\"(max-width: 379px) 100vw, 379px\" \/><\/p>\n<p style=\"text-align: left;\"><img decoding=\"async\" loading=\"lazy\" class=\"alignnone wp-image-268 size-full\" src=\"https:\/\/frigory.fr\/wp-content\/uploads\/2015\/09\/traitement-de-l-air-vantillation-F.jpg\" alt=\"traitement-de-l-air-vantillation-F\" width=\"380\" height=\"285\" srcset=\"https:\/\/www.frigory.fr\/wp-content\/uploads\/2015\/09\/traitement-de-l-air-vantillation-F.jpg 380w, https:\/\/www.frigory.fr\/wp-content\/uploads\/2015\/09\/traitement-de-l-air-vantillation-F-300x225.jpg 300w\" sizes=\"(max-width: 380px) 100vw, 380px\" \/><\/p>\n<p style=\"text-align: left;\"><\/div><div class='clear_column'><\/div><\/p>\n<p><\/p>","protected":false},"excerpt":{"rendered":"","protected":false},"author":1,"featured_media":579,"parent":0,"menu_order":16,"comment_status":"closed","ping_status":"closed","template":"template_produits.php","meta":[],"_links":{"self":[{"href":"https:\/\/www.frigory.fr\/en\/wp-json\/wp\/v2\/pages\/61"}],"collection":[{"href":"https:\/\/www.frigory.fr\/en\/wp-json\/wp\/v2\/pages"}],"about":[{"href":"https:\/\/www.frigory.fr\/en\/wp-json\/wp\/v2\/types\/page"}],"author":[{"embeddable":true,"href":"https:\/\/www.frigory.fr\/en\/wp-json\/wp\/v2\/users\/1"}],"replies":[{"embeddable":true,"href":"https:\/\/www.frigory.fr\/en\/wp-json\/wp\/v2\/comments?post=61"}],"version-history":[{"count":21,"href":"https:\/\/www.frigory.fr\/en\/wp-json\/wp\/v2\/pages\/61\/revisions"}],"predecessor-version":[{"id":519,"href":"https:\/\/www.frigory.fr\/en\/wp-json\/wp\/v2\/pages\/61\/revisions\/519"}],"wp:featuredmedia":[{"embeddable":true,"href":"https:\/\/www.frigory.fr\/en\/wp-json\/wp\/v2\/media\/579"}],"wp:attachment":[{"href":"https:\/\/www.frigory.fr\/en\/wp-json\/wp\/v2\/media?parent=61"}],"curies":[{"name":"wp","href":"https:\/\/api.w.org\/{rel}","templated":true}]}}