{"id":63,"date":"2015-09-15T10:38:21","date_gmt":"2015-09-15T09:38:21","guid":{"rendered":"http:\/\/frigory.fr\/?page_id=63"},"modified":"2021-06-22T15:15:11","modified_gmt":"2021-06-22T14:15:11","slug":"chambre-froide","status":"publish","type":"page","link":"https:\/\/www.frigory.fr\/en\/chambre-froide\/","title":{"rendered":"CHAMBRE FROIDE <br\/> CONSOMMATION OPTIMIS\u00c9E"},"content":{"rendered":"<p><\/p>\n<p style=\"text-align: left;\"><div class='content-column two_third'><p style=\"text-align: left;\">FRIGORY r\u00e9alise le cloisonnement frigorifique qu\u2019il soit pour des laboratoires, des cuisines, des chambres froides ou des entrep\u00f4ts (standard, m1, coupe feu, inox).<\/p>\n<p style=\"text-align: left;\">Nos \u00e9quipements frigoriques sont s\u00e9lectionn\u00e9s selon les temp\u00e9ratures \u00e0 tenir dans les diff\u00e9rentes enceintes : pr\u00e9paration froide, chambres froides positives, cong\u00e9lations, refroidissement rapide,&nbsp;enceinte d\u2019essais, &#8230;<\/p>\n<p style=\"text-align: left;\">Les consommations \u00e9lectriques sont optimis\u00e9es avec les centrales multi-compresseurs \u00e0 plusieurs \u00e9tages de puissance variable.<\/p>\n<h3 style=\"text-align: left;\">Nos domaines d&#8217;application :<\/h3>\n<ul style=\"text-align: left;\">\n<li>M\u00e9dical et recherche<\/li>\n<li>Param\u00e9dical<\/li>\n<li>Commerces et restauration de toutes tailles (ind\u00e9pendants et cha\u00eenes diverses)<\/li>\n<li>Stockage, entrep\u00f4ts<\/li>\n<li>Collectivit\u00e9s<\/li>\n<li>Industrie<\/li>\n<\/ul>\n<p>FRIGORY r\u00e9alise des enceintes pour essais ou process.<\/p>\n<p style=\"text-align: left;\"><\/div><\/p>\n<p style=\"text-align: left;\"><div class='content-column one_third last_column'><p style=\"text-align: left;\"><img decoding=\"async\" loading=\"lazy\" class=\"alignnone wp-image-183 size-full\" src=\"https:\/\/frigory.fr\/wp-content\/uploads\/2015\/09\/chambres-froides.png\" alt=\"chambres-froides\" width=\"375\" height=\"327\" srcset=\"https:\/\/www.frigory.fr\/wp-content\/uploads\/2015\/09\/chambres-froides.png 375w, https:\/\/www.frigory.fr\/wp-content\/uploads\/2015\/09\/chambres-froides-300x262.png 300w\" sizes=\"(max-width: 375px) 100vw, 375px\" \/><\/p>\n<p style=\"text-align: left;\"><\/div><div class='clear_column'><\/div><\/p>\n<p><\/p>","protected":false},"excerpt":{"rendered":"","protected":false},"author":1,"featured_media":580,"parent":0,"menu_order":4,"comment_status":"closed","ping_status":"closed","template":"template_produits.php","meta":[],"_links":{"self":[{"href":"https:\/\/www.frigory.fr\/en\/wp-json\/wp\/v2\/pages\/63"}],"collection":[{"href":"https:\/\/www.frigory.fr\/en\/wp-json\/wp\/v2\/pages"}],"about":[{"href":"https:\/\/www.frigory.fr\/en\/wp-json\/wp\/v2\/types\/page"}],"author":[{"embeddable":true,"href":"https:\/\/www.frigory.fr\/en\/wp-json\/wp\/v2\/users\/1"}],"replies":[{"embeddable":true,"href":"https:\/\/www.frigory.fr\/en\/wp-json\/wp\/v2\/comments?post=63"}],"version-history":[{"count":22,"href":"https:\/\/www.frigory.fr\/en\/wp-json\/wp\/v2\/pages\/63\/revisions"}],"predecessor-version":[{"id":661,"href":"https:\/\/www.frigory.fr\/en\/wp-json\/wp\/v2\/pages\/63\/revisions\/661"}],"wp:featuredmedia":[{"embeddable":true,"href":"https:\/\/www.frigory.fr\/en\/wp-json\/wp\/v2\/media\/580"}],"wp:attachment":[{"href":"https:\/\/www.frigory.fr\/en\/wp-json\/wp\/v2\/media?parent=63"}],"curies":[{"name":"wp","href":"https:\/\/api.w.org\/{rel}","templated":true}]}}