{"id":67,"date":"2015-09-15T10:38:50","date_gmt":"2015-09-15T09:38:50","guid":{"rendered":"http:\/\/frigory.fr\/?page_id=67"},"modified":"2018-11-05T08:38:46","modified_gmt":"2018-11-05T07:38:46","slug":"cuisine-collective-cellule-refroidissement","status":"publish","type":"page","link":"https:\/\/www.frigory.fr\/en\/cuisine-collective-cellule-refroidissement\/","title":{"rendered":"EXTRATION \/ COMPENSATION D&#8217;AIR EN CUISINE Collective"},"content":{"rendered":"<p><\/p>\n<p style=\"text-align: left;\"><div class='content-column two_third'><p style=\"text-align: left;\">Nous con\u00e7evons et r\u00e9alisons globalement la cuisine collective :<\/p>\n<ul style=\"text-align: left;\">\n<li>Hottes, \u00e0 compensation, induction, plafonds filtrants<\/li>\n<li>Extraction, extraction forc\u00e9e, d\u00e9senfumage<\/li>\n<li>Compensation d\u2019air, r\u00e9cup\u00e9ration d\u2019\u00e9nergie<\/li>\n<li>Variation des d\u00e9bits pour l&#8217;\u00e9conomie d&#8217;\u00e9nergie<\/li>\n<li>Meuble froid<\/li>\n<li>Chambres froides positives et n\u00e9gatives<\/li>\n<li>Cellule de refroidissement, congellation<\/li>\n<li>R\u00e9seau gaz, plomberie, production d\u2019eau chaude, adoucisseurs, ballon, thermodynamiques<\/li>\n<li>Nous concevons et r\u00e9alisons globalement la cuisine collective &#8220;cl\u00e9 en main&#8221; avec cuisson, laverie, self, inox, liaisons froides et chaudes<\/li>\n<\/ul>\n<h3 style=\"text-align: left;\">Nos domaines d&#8217;application :<\/h3>\n<ul>\n<li style=\"text-align: left;\">Banque<\/li>\n<li style=\"text-align: left;\">Restaurant d\u2019entreprise<\/li>\n<li style=\"text-align: left;\">Collectivit\u00e9s<\/li>\n<li style=\"text-align: left;\">Restaurants ind\u00e9pendants et cha\u00eenes nationales et internationales<\/li>\n<li style=\"text-align: left;\">H\u00f4pitaux<\/li>\n<\/ul>\n<p style=\"text-align: left;\"><\/div><\/p>\n<p style=\"text-align: left;\"><div class='content-column one_third last_column'><p style=\"text-align: left;\"><img decoding=\"async\" loading=\"lazy\" class=\"alignnone wp-image-192 size-full\" src=\"https:\/\/frigory.fr\/wp-content\/uploads\/2015\/09\/cuisine-collective.png\" alt=\"cuisine-collective\" width=\"379\" height=\"272\" srcset=\"https:\/\/www.frigory.fr\/wp-content\/uploads\/2015\/09\/cuisine-collective.png 379w, https:\/\/www.frigory.fr\/wp-content\/uploads\/2015\/09\/cuisine-collective-300x215.png 300w\" sizes=\"(max-width: 379px) 100vw, 379px\" \/><\/p>\n<p style=\"text-align: left;\"><\/div><div class='clear_column'><\/div><\/p>\n<p><\/p>","protected":false},"excerpt":{"rendered":"","protected":false},"author":1,"featured_media":582,"parent":0,"menu_order":9,"comment_status":"closed","ping_status":"closed","template":"template_produits.php","meta":[],"_links":{"self":[{"href":"https:\/\/www.frigory.fr\/en\/wp-json\/wp\/v2\/pages\/67"}],"collection":[{"href":"https:\/\/www.frigory.fr\/en\/wp-json\/wp\/v2\/pages"}],"about":[{"href":"https:\/\/www.frigory.fr\/en\/wp-json\/wp\/v2\/types\/page"}],"author":[{"embeddable":true,"href":"https:\/\/www.frigory.fr\/en\/wp-json\/wp\/v2\/users\/1"}],"replies":[{"embeddable":true,"href":"https:\/\/www.frigory.fr\/en\/wp-json\/wp\/v2\/comments?post=67"}],"version-history":[{"count":21,"href":"https:\/\/www.frigory.fr\/en\/wp-json\/wp\/v2\/pages\/67\/revisions"}],"predecessor-version":[{"id":501,"href":"https:\/\/www.frigory.fr\/en\/wp-json\/wp\/v2\/pages\/67\/revisions\/501"}],"wp:featuredmedia":[{"embeddable":true,"href":"https:\/\/www.frigory.fr\/en\/wp-json\/wp\/v2\/media\/582"}],"wp:attachment":[{"href":"https:\/\/www.frigory.fr\/en\/wp-json\/wp\/v2\/media?parent=67"}],"curies":[{"name":"wp","href":"https:\/\/api.w.org\/{rel}","templated":true}]}}